{"id":549,"date":"2013-02-03T20:44:42","date_gmt":"2013-02-03T14:44:42","guid":{"rendered":"http:\/\/wvnieuwemeer.nl\/wordpress\/?page_id=549"},"modified":"2023-05-15T13:14:36","modified_gmt":"2023-05-15T12:14:36","slug":"wedstrijdbepaling","status":"publish","type":"page","link":"https:\/\/wvnieuwemeer.nl\/wordpress\/wedstrijdbepaling\/","title":{"rendered":"Wedstrijdbepaling"},"content":{"rendered":"<h1>Wedstrijdbepaling<\/h1>\n<p>Boten die aan de wedstrijd willen deelnemen moeten zich uiterlijk een minuut voor het waarschuwingssein van de eerste wedstrijd aan stuurboordzijde van het startschip aanmelden en zich ervan te overtuigen dat zij door het wedstrijdcomit\u00e9 zijn opgemerkt.<\/p>\n<p>&nbsp;<\/p>\n<p><b><i>Palaver (mededelingen)<\/i><\/b><\/p>\n<p>Het palaver zal voor de aanvang van de wedstrijden gehouden worden in de hal van ons clubhuis. De wedstrijdleider van die dag zal daarbij de te varen baan, de plaats van het startgebied en de starttijden bekend maken, evenals de verwachte weersomstandigheden en verdere bijzonderheden.<\/p>\n<p>&nbsp;<\/p>\n<p><b><i>Seinen op de wal<\/i><\/b><\/p>\n<p>Bij een (verwachte) gemiddelde windsnelheid van ten minste 17 knopen (5 Bft) zal seinvlag Y worden getoond aan de wal en is RvW 40.1 (dragen reddingvesten e.d.) van toepassing zo lang de boot zich op het water bevindt.<\/p>\n<p>&nbsp;<\/p>\n<p><b><i>Persoonlijk drijfvermogen deelnemers open boten<\/i><\/b><\/p>\n<p>Voor deelnemers in open boten is het dragen van reddingvesten of andere doelmatige persoonlijke drijfmiddelen verplicht, behalve gedurende korte tijd wanneer kleding of persoonlijke uitrusting wordt gewisseld of aangepast.<\/p>\n<p><b><i>\u00a0<\/i><\/b><\/p>\n<p><b><i>Klasse indeling<\/i><\/b><\/p>\n<p>Het wedstrijdveld voor de kajuitjachten is opgedeeld in een racing klasse en een cruising klasse. Deze indeling is afhankelijk van de rating van de boot. Bij de single handed race voor kajuitjachten en bij de nachtwedstrijd zullen de boten worden samengevoegd tot \u00e9\u00e9n klasse.<\/p>\n<p>&nbsp;<\/p>\n<p><b><i>Rating<\/i><\/b><\/p>\n<p>Voor onze onderlinge wedstrijden wordt een rating toegepast die is gebaseerd op het schip (uitgangspunt: SW rating) en de ervaring en behaalde resultaten van de betreffende schipper. Deze rating wordt door de Wedstrijdcommissaris aan het begin van het seizoen vastgesteld en zal worden gepubliceerd in ons clubblad en op de website. Van de schippers wordt verwacht dat zij melding maken van wijzigingen aan hun schip of uitrusting die van invloed (kunnen) zijn op de snelheid.<\/p>\n<p>&nbsp;<\/p>\n<p>Het voeren van van een spinnaker of gennaker is uitsluitend toegestaan tijdens de zaterdagserie. In dat geval\u00a0 zal een aanvullende correctie worden doorgevoerd die dan (alsnog) voor alle wedstrijden in de zaterdagserie zal gelden.<\/p>\n<p>&nbsp;<\/p>\n<p><b><i>Klassenvlaggen<\/i><\/b><\/p>\n<table border=\"1\" cellspacing=\"0\" cellpadding=\"0\">\n<tbody>\n<tr>\n<td valign=\"top\" width=\"121\">Racing-Klasse<\/td>\n<td valign=\"top\" width=\"132\">Seinvlag D<\/td>\n<\/tr>\n<tr>\n<td valign=\"top\" width=\"121\">Cruising-Klasse<\/td>\n<td valign=\"top\" width=\"132\">Seinvlag E<\/td>\n<\/tr>\n<tr>\n<td valign=\"top\" width=\"121\">Open Boten<\/td>\n<td valign=\"top\" width=\"132\">Seinvlag F<\/td>\n<\/tr>\n<tr>\n<td valign=\"top\" width=\"121\">Klassieke<\/td>\n<td valign=\"top\" width=\"132\">Jachten,Seinvlag G<\/td>\n<\/tr>\n<\/tbody>\n<\/table>\n<p>&nbsp;<\/p>\n<p>Bij een klein aantal deelnemers kunnen de diverse klassen onder \u00e9\u00e9n vlag varen.<\/p>\n<p>&nbsp;<\/p>\n<p><b><i>Wedstrijdgebied<\/i><\/b><\/p>\n<p>Het wedstrijdgebied bevindt zich op de Grote Poel van de Westeinder Plassen, doorgaans aan de noord-oost zijde, binnen de driehoek Watertoren \u2013 Kempers (Kudelstaart) \u2013 doorgang Blauwe Beugel.<\/p>\n<p>&nbsp;<\/p>\n<p><b><i>Baan<\/i><\/b><\/p>\n<p>De uitgelegde baan varieert al naar gelang het soort wedstrijd.\u00a0 De meeste wedstrijden zullen op een driehoek-lus baan worden gevaren. De vrijdagavondwedstrijden kennen hun eigen up wind \/down wind baan. Voor de overige wedstrijden wordt afhankelijk van de omstandigheden een geschikte baan gekozen. Tijdens het palaver zal de exacte baan worden toegelicht en medegedeeld worden in welke volgorde de merktekens voorbijgevaren moeten worden en de kant waar elk merkteken moet worden gehouden. Uitgangspunt is dat alle merktekens (behoudens die van de start en finish) aan bakboord moeten worden gehouden.<\/p>\n<p>&nbsp;<\/p>\n<p>Het aantal keren dat een merkteken moet worden gerond is afhankelijk van de lengte van de baan en de verwachte windsnelheid. De geplande wedstrijdduur is gemiddeld 90 minuten. Bij meerdere wedstrijden op \u00e9\u00e9n dag zal de geplande wedstrijdduur gemiddeld 60 minuten per wedstrijd zijn. Voor de open boten serie op de vrijdagavond wordt een streeftijd van 30 minuten per wedstrijd gehanteerd.<\/p>\n<p>&nbsp;<\/p>\n<p><b><i>Merktekens, startlijn en finishlijn<\/i><\/b><\/p>\n<p>De merktekens in de wedstrijdbaan zullen normaliter oranje cilindervormige boeien zijn met de nummers een, twee of drie.<\/p>\n<p>De startlijn zal liggen tussen de baanzijde van boei 3 en de mast met verenigingsvlag van het startschip. Een eventuele indringboei (skippybal) aan de lijzijde van het startschip moet stuurboord worden gehouden. Het is verboden tussen de indringboei en het startschip de startlijn te passeren.<\/p>\n<p>De finishlijn zal liggen tussen de baanzijde van boei 1 en de mast met verenigingsvlag van het finishschip.<\/p>\n<p>&nbsp;<\/p>\n<p>Het kan voorkomen dat de startlijn wordt begrensd door de staken op een tweetal gele jonen met rode vlag aan bakboord en groene vlag aan stuurboord, bezien vanaf de startzijde in de richting van de baan. De finishlijn kan worden begrensd door de staken op een tweetal oranje jonen met een rode vlag en wit blok aan bakboord en een groene vlag met een wit blok aan stuurboord, bezien vanaf de baanzijde. Het is in deze gevallen niet toegestaan om tussen het comit\u00e9schip en de stuurboord merktekens van de startlijn en de finishlijn door te varen.<\/p>\n<p>&nbsp;<\/p>\n<p><b><i>Start- en finish schip<\/i><\/b><\/p>\n<p>Het startschip zal bij de start aan de stuurboordzijde van de startlijn liggen en is te herkennen aan een grote Nieuwe Meer vlag. Meestal zal dit schip ook dienst doen als finish schip, te herkennen aan een blauwe (finish)vlag.<\/p>\n<p>&nbsp;<\/p>\n<p><b><i>Startprocedure<\/i><\/b><\/p>\n<p>De startprocedure geschiedt conform regel 26 van de <i>Regels voor Wedstrijdzeilen<\/i>. Op het palaver zal bekend worden gemaakt welke klassen in \u00e9\u00e9n groep zullen starten. Indien besloten wordt om klassen na elkaar te laten starten zal vijf minuten na een geldige start van een klasse het waarschuwingssein voor de volgende klasse worden gegeven, en zo vervolgens.<\/p>\n<p>&nbsp;<\/p>\n<p>De startprocedure verloopt als volgt:<\/p>\n<table border=\"1\" cellspacing=\"0\" cellpadding=\"0\">\n<tbody>\n<tr>\n<td valign=\"top\" width=\"111\"><b>Soort sein<\/b><\/td>\n<td valign=\"top\" width=\"94\"><b>Tijd tot Start<\/b><\/td>\n<td valign=\"top\" width=\"284\"><b>Handeling Startschip<\/b><\/td>\n<\/tr>\n<tr>\n<td valign=\"top\" width=\"111\">Waarschuwing<\/td>\n<td valign=\"top\" width=\"94\">5 minuten<\/td>\n<td valign=\"top\" width=\"284\">Klassenvlag omhoog met \u00e9\u00e9n geluidssein<\/td>\n<\/tr>\n<tr>\n<td valign=\"top\" width=\"111\">Voorbereiding<\/td>\n<td valign=\"top\" width=\"94\">4 minuten<\/td>\n<td valign=\"top\" width=\"284\">Seinvlag \u2018P\u2019 omhoog met \u00e9\u00e9n geluidssein<\/td>\n<\/tr>\n<tr>\n<td valign=\"top\" width=\"111\">E\u00e9n minuut<\/td>\n<td valign=\"top\" width=\"94\">1 minuut<\/td>\n<td valign=\"top\" width=\"284\">Seinvlag \u2018P\u2019 omlaag met een lang geluidssein<\/td>\n<\/tr>\n<tr>\n<td valign=\"top\" width=\"111\">Start<\/td>\n<td valign=\"top\" width=\"94\">0 minuut<\/td>\n<td valign=\"top\" width=\"284\">Klassenvlag omlaag met \u00e9\u00e9n geluidssein<\/td>\n<\/tr>\n<\/tbody>\n<\/table>\n<p>&nbsp;<\/p>\n<p>Van deze startprocedure kan worden afgeweken als dit nodig wordt geacht. Dit zal zo mogelijk bij het palaver bekend worden gemaakt. In voorkomende gevallen zal vanaf het startschip worden aangegeven hoe de startprocedure of volgorde zal verlopen (let dus op de vlaggen!).<\/p>\n<p><b><i>\u00a0<\/i><\/b><\/p>\n<p><b><i>Toelichting individuele terugroep<\/i><\/b><\/p>\n<p>Boten die te vroeg zijn gestart en als zodanig zijn ge\u00efdentificeerd krijgen een individuele terugroep. Op het startschip wordt in dat geval de seinvlag \u2018X\u2019 getoond en klinkt <b>\u00e9\u00e9n<\/b> geluidssein. De te vroeg gestarte boten dienen weer terug te varen tot onder de startlijn en vanuit het startgebied de startlijn te doorkruisen in de richting van boei 1. Boten die te vroeg zijn gestart en niet zijn teruggekeerd worden uitgesloten van de wedstrijd (OCS).<\/p>\n<p><b><i>\u00a0<\/i><\/b><\/p>\n<p><b><i>Toelichting algemene terugroep<\/i><\/b><\/p>\n<p>Als niet alle boten die te vroeg zijn gestart kunnen worden ge\u00efdentificeerd, kan de wedstrijdleider besluiten tot een algemene terugroep. Dit houdt in dat alle boten uit deze klasse worden teruggeroepen en opnieuw moeten starten. Op het startschip wordt in dat geval de 1<sup>e<\/sup> vervangwimpel gehesen en er klinken <b>twee<\/b> geluidsseinen.<\/p>\n<p>De startprocedure zal hierna zo spoedig mogelijk worden hervat en het startschema blijft gehandhaafd. Het waarschuwingssein van de teruggeroepen klasse wordt getoond \u00e9\u00e9n minuut nadat de 1<sup>e<\/sup> vervangwimpel is weggenomen (met \u00e9\u00e9n geluidssein).<\/p>\n<p><b><i>Afkorten<\/i><\/b><\/p>\n<p>De wedstrijdleider kan te allen tijde beslissen om de baan in te korten. Dit gebeurt middels het tonen van de seinvlag \u2018S\u2019 (blauw met witte rand) met twee geluidsseinen en daaronder de bijbehorende klassenvlag. Als de afkorting voor alle klassen geldt, wordt uitsluitend de S -vlag getoond. Het schip met gehesen S-vlag zal bij een van de merktekens liggen zodat er moet worden gefinisht tussen dat merkteken en het schip met de S-vlag. Dat kan een rubberboot zijn!<\/p>\n<p>&nbsp;<\/p>\n<p><b><i>Uitstel<\/i><\/b><\/p>\n<p>De wedstrijdleider kan v\u00f3\u00f3r het startsein beslissen om een wedstrijd uit te stellen. Op het startschip wordt de onderscheidingswimpel (rattenstaart) gehesen en er klinken twee geluidsseinen.<\/p>\n<p>Het waarschuwingssein wordt getoond \u00e9\u00e9n minuut nadat de onderscheidingswimpel is weggenomen (\u00e9\u00e9n geluidssein).<\/p>\n<p>&nbsp;<\/p>\n<p><b><i>Voortijdig be\u00ebindigen van de wedstrijd<\/i><\/b><\/p>\n<p>De wedstrijdleider kan besluiten de wedstrijd af te breken wanneer de veiligheid of de sportiviteit in het geding is. Bijvoorbeeld bij kans op mist of bliksem, of wanneer de wind aanwakkert tot meer dan 22 knopen (6 Bft). Maar ook wanneer het niet aannemelijk is dat de boten tijdig kunnen finishen vanwege te weinig wind kan worden besloten de wedstrijd af te breken. Dit wordt aangegeven door het tonen van seinvlag \u2018N\u2019 (met drie geluidsseinen). Deelnemers kunnen de wedstrijd eerder verlaten als omstandigheden dit noodzakelijk maken. U wordt echter verzocht om dit zo snel mogelijk kenbaar te maken aan de wedstrijdleider of anders op de wal bij de havenmeester.<\/p>\n<p>&nbsp;<\/p>\n<p><b><i>Windsnelheid<\/i><\/b><\/p>\n<p>Bij een verwachte windsnelheid van gemiddeld meer dan 22 knopen (6 Bft) zal niet worden gestart. Indien tijdens een wedstrijd de wind aanwakkert tot 22 knopen of meer gedurende een aaneengesloten periode van vijf minuten, zal de wedstrijd worden afgebroken. Indien op enig moment tijdens een wedstrijd de windsnelheid meer is dan 28 knopen (7 Bft) zal de wedstrijd worden afgebroken.<\/p>\n<p>&nbsp;<\/p>\n<p><b><i>Zeilvoering<\/i><\/b><\/p>\n<p>Het voeren van een spinnaker of een gennaker is voor kajuitjachten uitsluitend toegestaan bij de zaterdagseries. De keuze om de spinnaker of gennaker te voeren is aan de schipper. Tijdens de zaterdagavondwedstrijd mag eveneens een spinnaker of een gennaker worden gevoerd. De rating wordt in deze gevallen verlaagd met 2,5. Open boten zijn gerechtigd om tijdens elke wedstrijd een spinnaker of gennaker te voeren. Dit zit reeds in hun rating verwerkt.<\/p>\n<p><b><i>\u00a0<\/i><\/b><\/p>\n<p><b><i>Straffen<\/i><\/b><\/p>\n<p>Voor de kajuitjachten en de klassieke jachten is RvW 44.1 gewijzigd zodat de Twee-ronden straf is vervangen door een Een-ronde straf.<\/p>\n<p>&nbsp;<\/p>\n<p><b><i>Scoren<\/i><\/b><\/p>\n<p>De score is afhankelijk\u00a0 van het soort wedstrijd en kan afhangen van het aantal deelnemers.<\/p>\n<p>&nbsp;<\/p>\n<p><b><i>Lage Punt Systeem<\/i><\/b><\/p>\n<p>Het Lage Punt Systeem (Appendix A) is van toepassing. Dit werkt als volgt uit. Per wedstrijd worden er strafpunten toegekend afhankelijk van de behaalde klassering. De strafpunten over alle wedstrijden worden bij elkaar opgeteld, waarbij degene met de minste strafpunten over alle wedstrijden uiteindelijk heeft gewonnen.<\/p>\n<p>De toewijzing van de strafpunten per wedstrijd is als volgt:<\/p>\n<table border=\"1\" cellspacing=\"0\" cellpadding=\"0\">\n<tbody>\n<tr>\n<td valign=\"top\" width=\"196\"><b>Klassering<\/b><\/td>\n<td valign=\"top\" width=\"198\"><b>Strafpunten<\/b><\/td>\n<\/tr>\n<tr>\n<td valign=\"top\" width=\"196\">1<sup>e<\/sup><\/td>\n<td valign=\"top\" width=\"198\">1<\/td>\n<\/tr>\n<tr>\n<td valign=\"top\" width=\"196\">2<sup>e<\/sup><\/td>\n<td valign=\"top\" width=\"198\">2<\/td>\n<\/tr>\n<tr>\n<td valign=\"top\" width=\"196\">3<sup>e<\/sup><\/td>\n<td valign=\"top\" width=\"198\">3<\/td>\n<\/tr>\n<tr>\n<td valign=\"top\" width=\"196\">4<sup>e<\/sup><\/td>\n<td valign=\"top\" width=\"198\">4<\/td>\n<\/tr>\n<tr>\n<td valign=\"top\" width=\"196\">5<sup>e<\/sup><\/td>\n<td valign=\"top\" width=\"198\">5<\/td>\n<\/tr>\n<tr>\n<td valign=\"top\" width=\"196\">&gt; 5<\/td>\n<td valign=\"top\" width=\"198\">klassering + 5<\/td>\n<\/tr>\n<tr>\n<td valign=\"top\" width=\"196\">DNF\/DNS\/DNC\/OCS\/BFD<\/td>\n<td valign=\"top\" width=\"198\">Aantal ingeschreven boten + 1<\/td>\n<\/tr>\n<\/tbody>\n<\/table>\n<p>&nbsp;<\/p>\n<p><b><i>Oostenrijkse puntentelling:<\/i><\/b><\/p>\n<p>De uitslag voor de overall prijs van de zaterdagserie wordt berekend aan de hand van de Oostenrijkse puntentelling (Zie Reglementen voor de Puntentelling bij Wedstrijden, Internationaal Zeilwedstrijdreglement 1993-1996). Bij dit puntensysteem worden geen strafpunten toegekend, maar overwinningspunten. Het aantal punten dat per wedstrijd is te winnen hangt af van het aantal gestarte boten. Bij meerdere wedstrijden op een dag wordt naar de eindscore van die dag gekeken.<\/p>\n<p>Deelnemers die reglementair zijn gestart maar niet zijn gefinisht krijgen 101 punten.<\/p>\n<p>Het aantal punten van de reglementair gefinishte deelnemers wordt berekend volgens de volgende formule: 101 + 1000 log (Aantal deelnemers) \u2013 1000 log (Klassering).<\/p>\n<p>&nbsp;<\/p>\n<p><b><i>Bekendmaking uitslag en prijsuitreiking:<\/i><\/b><\/p>\n<p>Na elke zeilwedstrijd (m.u.v. de Hemelvaart wedstrijd) zal er in het clubhuis van de WV Nieuwe Meer een prijsuitreiking plaatsvinden. Wisselprijzen kunnen ook in de najaarsvergadering worden uitgereikt.<\/p>\n<p>De resultaten zullen gepubliceerd worden in het clubblad en op de website.<\/p>\n<p>&nbsp;<\/p>\n<p><b><i>Prijzen<\/i><\/b><\/p>\n<p>Behoudens bij de vrijdagavondwedstrijden voor open boten zullen er, afhankelijk van het aantal deelnemers, dagprijzen worden uitgereikt. Buiten de dagprijzen zijn er verschillende wisselprijzen te winnen:<\/p>\n<p>&nbsp;<\/p>\n<p><b><span style=\"text-decoration: underline;\">Wisselprijzen<\/span><\/b><\/p>\n<table border=\"1\" cellspacing=\"0\" cellpadding=\"0\">\n<tbody>\n<tr>\n<td valign=\"top\" width=\"177\">Openingswedstrijd:<\/td>\n<td valign=\"top\" width=\"265\">Openingstrofee (minimaal 3 deelnemers)<\/td>\n<\/tr>\n<tr>\n<td valign=\"top\" width=\"177\">Zaterdagserie:<\/td>\n<td valign=\"top\" width=\"265\">Overall prijs<\/td>\n<\/tr>\n<tr>\n<td valign=\"top\" width=\"177\">Hemelvaartwedstrijd:<\/td>\n<td valign=\"top\" width=\"265\">Carla van Berkel trofee voor de 2<sup>e<\/sup> plaats<\/td>\n<\/tr>\n<tr>\n<td valign=\"top\" width=\"177\">Dames wedstrijd (clinic):<\/td>\n<td valign=\"top\" width=\"265\">Kunstvoorwerpen<\/td>\n<\/tr>\n<tr>\n<td valign=\"top\" width=\"177\">Single handed;<\/td>\n<td valign=\"top\" width=\"265\">Keienprijs<\/td>\n<\/tr>\n<tr>\n<td valign=\"top\" width=\"177\">Bestuursbeker wedstrijd:<\/td>\n<td valign=\"top\" width=\"265\">Bestuursbeker<\/td>\n<\/tr>\n<tr>\n<td valign=\"top\" width=\"177\">Vrijdagavondserie:<\/td>\n<td valign=\"top\" width=\"265\">Overall trofee<\/td>\n<\/tr>\n<\/tbody>\n<\/table>\n<p>&nbsp;<\/p>\n<p><b><i>Bestuursbeker<\/i><\/b><\/p>\n<p>De bestuursbeker wedstrijd bestaat uit een serie van twee races. De winnaars van de eerste race uit de deelnemende klassen (minimaal twee deelnemers per klasse) strijden in de tweede race om de bestuursbeker. Om de spanning erin te houden worden de winnaars van de eerste race niet tussentijds bekend gemaakt.<\/p>\n<p>De bestuursbeker kandidaat die in de tweede race zijn prestatie van de eerste race, ten opzichte van de andere kandidaten, procentueel het meest verbetert of het minst verslechtert, is de winnaar van de bestuursbeker. De winnaar wordt bekend gemaakt door de voorzitter van de vereniging dan wel een plaatsvervangend bestuurslid tijdens de afsluiting van het seizoen.<\/p>\n<p>&nbsp;<\/p>\n<p><b><i>Bemanning en publiek<\/i><\/b><\/p>\n<p>Om de deelname aan onze wedstrijden te stimuleren geven wij alle zeilers in overweging om leden en introduc\u00e9s\u00a0 uit te nodigen om als bemanningslid aan te monsteren. Schippers die graag een extra bemanningslid aan boord hebben wordt verzocht dat kenbaar te maken aan de wedstrijdcommissie dan wel zich te melden bij de wedstrijdleider van de dag. U kunt ons ook via de havenmeester bereiken.<\/p>\n<p>&nbsp;<\/p>\n<p>Om de betrokkenheid van onze leden bij de wedstrijden te vergroten zal voorts aan leden met (motor)jachten of sloepen worden gevraagd om (met opstappers) bij de wedstrijden te komen kijken en zo mogelijk foto\u2019s of video opnamen te maken.<\/p>\n","protected":false},"excerpt":{"rendered":"<p>Wedstrijdbepaling Boten die aan de wedstrijd willen deelnemen moeten zich uiterlijk een minuut voor het waarschuwingssein van de eerste wedstrijd aan stuurboordzijde van het startschip aanmelden en zich ervan te overtuigen dat zij door het wedstrijdcomit\u00e9 zijn opgemerkt. &nbsp; Palaver (mededelingen) Het palaver zal voor de aanvang van de wedstrijden gehouden worden in de hal [&hellip;]<\/p>\n","protected":false},"author":6,"featured_media":488,"parent":0,"menu_order":0,"comment_status":"open","ping_status":"closed","template":"","meta":[],"_links":{"self":[{"href":"https:\/\/wvnieuwemeer.nl\/wordpress\/wp-json\/wp\/v2\/pages\/549"}],"collection":[{"href":"https:\/\/wvnieuwemeer.nl\/wordpress\/wp-json\/wp\/v2\/pages"}],"about":[{"href":"https:\/\/wvnieuwemeer.nl\/wordpress\/wp-json\/wp\/v2\/types\/page"}],"author":[{"embeddable":true,"href":"https:\/\/wvnieuwemeer.nl\/wordpress\/wp-json\/wp\/v2\/users\/6"}],"replies":[{"embeddable":true,"href":"https:\/\/wvnieuwemeer.nl\/wordpress\/wp-json\/wp\/v2\/comments?post=549"}],"version-history":[{"count":38,"href":"https:\/\/wvnieuwemeer.nl\/wordpress\/wp-json\/wp\/v2\/pages\/549\/revisions"}],"predecessor-version":[{"id":4531,"href":"https:\/\/wvnieuwemeer.nl\/wordpress\/wp-json\/wp\/v2\/pages\/549\/revisions\/4531"}],"wp:featuredmedia":[{"embeddable":true,"href":"https:\/\/wvnieuwemeer.nl\/wordpress\/wp-json\/wp\/v2\/media\/488"}],"wp:attachment":[{"href":"https:\/\/wvnieuwemeer.nl\/wordpress\/wp-json\/wp\/v2\/media?parent=549"}],"curies":[{"name":"wp","href":"https:\/\/api.w.org\/{rel}","templated":true}]}}